{"id":810,"date":"2025-06-25T12:20:21","date_gmt":"2025-06-25T12:20:21","guid":{"rendered":"https:\/\/samadisweets.ca\/?page_id=810"},"modified":"2025-07-02T17:28:10","modified_gmt":"2025-07-02T17:28:10","slug":"thank-you","status":"publish","type":"page","link":"https:\/\/samadisweets.ca\/fr\/thank-you\/","title":{"rendered":"Merci"},"content":{"rendered":"<div data-elementor-type=\"wp-page\" data-elementor-id=\"810\" class=\"elementor elementor-810\" data-elementor-post-type=\"page\">\n\t\t\t\t<div class=\"elementor-element elementor-element-2e48c3f e-flex e-con-boxed e-con e-parent\" data-id=\"2e48c3f\" data-element_type=\"container\" data-e-type=\"container\" data-settings=\"{&quot;background_background&quot;:&quot;classic&quot;}\">\n\t\t\t\t\t<div class=\"e-con-inner\">\n\t\t<div class=\"elementor-element elementor-element-1921255 e-con-full e-flex e-con e-child\" data-id=\"1921255\" data-element_type=\"container\" data-e-type=\"container\">\n\t\t\t\t<div class=\"elementor-element elementor-element-11d20eb animated-slow elementor-invisible elementor-widget elementor-widget-heading\" data-id=\"11d20eb\" data-element_type=\"widget\" data-e-type=\"widget\" data-settings=\"{&quot;_animation&quot;:&quot;fadeIn&quot;}\" data-widget_type=\"heading.default\">\n\t\t\t\t<div class=\"elementor-widget-container\">\n\t\t\t\t\t<h1 class=\"elementor-heading-title elementor-size-default translation-block\">Merci de<br><i>Nous avoir choisis<\/i><\/h1>\t\t\t\t<\/div>\n\t\t\t\t<\/div>\n\t\t\t\t<div class=\"elementor-element elementor-element-3467b56 elementor-widget__width-initial animated-slow elementor-widget-mobile__width-initial elementor-invisible elementor-widget elementor-widget-heading\" data-id=\"3467b56\" data-element_type=\"widget\" data-e-type=\"widget\" data-settings=\"{&quot;_animation&quot;:&quot;fadeIn&quot;}\" data-widget_type=\"heading.default\">\n\t\t\t\t<div class=\"elementor-widget-container\">\n\t\t\t\t\t<h3 class=\"elementor-heading-title elementor-size-default translation-block\"><b>Nous vous contacterons tr\u00e8s bient\u00f4t avec votre devis.<br><\/b>En attendant, n\u2019h\u00e9sitez pas \u00e0 naviguer davantage ou \u00e0 nous contacter pour toute question.<\/h3>\t\t\t\t<\/div>\n\t\t\t\t<\/div>\n\t\t\t\t<\/div>\n\t\t\t\t\t<\/div>\n\t\t\t\t<\/div>\n\t\t\t\t<\/div>","protected":false},"excerpt":{"rendered":"<p>Thank You forChoosing us We will be in touch very soon with your quote.In the mean time feel free to browse more or contact us for any inquiries.<\/p>","protected":false},"author":2,"featured_media":0,"parent":0,"menu_order":0,"comment_status":"closed","ping_status":"closed","template":"","meta":{"_acf_changed":false,"footnotes":""},"class_list":["post-810","page","type-page","status-publish","hentry"],"acf":[],"_links":{"self":[{"href":"https:\/\/samadisweets.ca\/fr\/wp-json\/wp\/v2\/pages\/810","targetHints":{"allow":["GET"]}}],"collection":[{"href":"https:\/\/samadisweets.ca\/fr\/wp-json\/wp\/v2\/pages"}],"about":[{"href":"https:\/\/samadisweets.ca\/fr\/wp-json\/wp\/v2\/types\/page"}],"author":[{"embeddable":true,"href":"https:\/\/samadisweets.ca\/fr\/wp-json\/wp\/v2\/users\/2"}],"replies":[{"embeddable":true,"href":"https:\/\/samadisweets.ca\/fr\/wp-json\/wp\/v2\/comments?post=810"}],"version-history":[{"count":28,"href":"https:\/\/samadisweets.ca\/fr\/wp-json\/wp\/v2\/pages\/810\/revisions"}],"predecessor-version":[{"id":1978,"href":"https:\/\/samadisweets.ca\/fr\/wp-json\/wp\/v2\/pages\/810\/revisions\/1978"}],"wp:attachment":[{"href":"https:\/\/samadisweets.ca\/fr\/wp-json\/wp\/v2\/media?parent=810"}],"curies":[{"name":"wp","href":"https:\/\/api.w.org\/{rel}","templated":true}]}}